{"id":198,"date":"2017-07-26T06:49:35","date_gmt":"2017-07-26T05:49:35","guid":{"rendered":"https:\/\/beta.pnsteinundrestaurierung.de\/?page_id=198"},"modified":"2024-06-03T17:06:42","modified_gmt":"2024-06-03T16:06:42","slug":"leistungen","status":"publish","type":"page","link":"https:\/\/pnsteinundrestaurierung.de\/?page_id=198","title":{"rendered":"Leistungen"},"content":{"rendered":"\n<p><\/p>\n\n\n\n<p>Ingenieurtechnische Leistungen:<\/p>\n\n\n\n<ul class=\"wp-block-list\">\n<li>Werkplanung f\u00fcr die Herstellung und Montage von Natursteinteilen und Platten.<\/li>\n\n\n\n<li>Erstellen von Schadenkartierungen mit qualitativer und quantitativer Erfassung der Sch\u00e4den<\/li>\n\n\n\n<li>Erarbeitung von Sanierungskonzepten und detaillierten Leistungsbeschreibungen<\/li>\n\n\n\n<li>Erstellen von Dokumentationen aller Leistungsphasen mit qualitativer und quantitativer\u00a0Nachweisf\u00fchrung. So wird Preis und Leistung optimal transparent f\u00fcr unsere Auftraggeber.<\/li>\n<\/ul>\n\n\n\n<p>Ausf\u00fchrungsleistungen:<\/p>\n\n\n\n<ul class=\"wp-block-list\">\n<li>Gestaltung und Werkplanung sowie Herstellung neuer Natursteinteile vom einfachen Boden- oder Treppenbelag bis hin zur Bildhauerarbeit.<\/li>\n\n\n\n<li>Substanzschonende Spezialreinigung f\u00fcr Naturstein und andere wertvolle Materialien.<\/li>\n\n\n\n<li>Konservierung und Restaurierung gesch\u00e4digter Substanz \/ Naturstein \/ Backstein \/\u00a0Kunststein<\/li>\n\n\n\n<li>Anfertigung und Montage neuer Natursteinteile nach originalen Befundst\u00fccken.<\/li>\n\n\n\n<li>Abformungen unikater Elementen und Herstellung von Repliken aus dem originalen\u00a0Material oder modernen Ersatzmaterialien.<\/li>\n\n\n\n<li>Demontagen und Montagen historischer Bauteile im Kontext des Denkmals.<\/li>\n\n\n\n<li>Eine professionelle maschinelle Ausstattung erm\u00f6glicht auf den Baustellen und in der\u00a0Werkstatt eine effiziente und sichere Bearbeitung von Naturstein.\u00a0<\/li>\n\n\n\n<li>Eine eigene Br\u00fcckens\u00e4ge\u00a0erm\u00f6glicht die Herstellung, Profilierung und Umarbeitung von gr\u00f6\u00dferen Natursteinteilen.<\/li>\n<\/ul>\n","protected":false},"excerpt":{"rendered":"<p>Ingenieurtechnische Leistungen: Ausf\u00fchrungsleistungen:<\/p>\n","protected":false},"author":1,"featured_media":0,"parent":0,"menu_order":15,"comment_status":"closed","ping_status":"closed","template":"","meta":{"ngg_post_thumbnail":0,"footnotes":""},"class_list":["post-198","page","type-page","status-publish","hentry"],"_links":{"self":[{"href":"https:\/\/pnsteinundrestaurierung.de\/index.php?rest_route=\/wp\/v2\/pages\/198","targetHints":{"allow":["GET"]}}],"collection":[{"href":"https:\/\/pnsteinundrestaurierung.de\/index.php?rest_route=\/wp\/v2\/pages"}],"about":[{"href":"https:\/\/pnsteinundrestaurierung.de\/index.php?rest_route=\/wp\/v2\/types\/page"}],"author":[{"embeddable":true,"href":"https:\/\/pnsteinundrestaurierung.de\/index.php?rest_route=\/wp\/v2\/users\/1"}],"replies":[{"embeddable":true,"href":"https:\/\/pnsteinundrestaurierung.de\/index.php?rest_route=%2Fwp%2Fv2%2Fcomments&post=198"}],"version-history":[{"count":2,"href":"https:\/\/pnsteinundrestaurierung.de\/index.php?rest_route=\/wp\/v2\/pages\/198\/revisions"}],"predecessor-version":[{"id":736,"href":"https:\/\/pnsteinundrestaurierung.de\/index.php?rest_route=\/wp\/v2\/pages\/198\/revisions\/736"}],"wp:attachment":[{"href":"https:\/\/pnsteinundrestaurierung.de\/index.php?rest_route=%2Fwp%2Fv2%2Fmedia&parent=198"}],"curies":[{"name":"wp","href":"https:\/\/api.w.org\/{rel}","templated":true}]}}