{"id":21,"date":"2014-02-05T20:40:53","date_gmt":"2014-02-05T19:40:53","guid":{"rendered":"https:\/\/beta.pnsteinundrestaurierung.de\/?page_id=21"},"modified":"2024-10-30T23:08:21","modified_gmt":"2024-10-30T22:08:21","slug":"referenzen-2","status":"publish","type":"page","link":"https:\/\/pnsteinundrestaurierung.de\/?page_id=21","title":{"rendered":"Referenzen"},"content":{"rendered":"<ul>\n<li><a href=\"https:\/\/pnsteinundrestaurierung.de\/wp-content\/uploads\/2024\/10\/Referenzen_alfa21_ComCenter-Halle-Saale.pdf\" target=\"_blank\" rel=\"noopener\">Alfa21 ComCenter Halle Saale<\/a><\/li>\n<li><a href=\"https:\/\/pnsteinundrestaurierung.de\/wp-content\/uploads\/2024\/10\/Referenzen_Bahnhof-Oschatz_Architekturburo.pdf\" target=\"_blank\" rel=\"noopener\">Bahnhof Oschatz Architekturb\u00fcro<\/a><\/li>\n<li><a href=\"https:\/\/pnsteinundrestaurierung.de\/wp-content\/uploads\/2024\/10\/Referenzen_Bahnhof-Oschatz_Bauamt.pdf\" target=\"_blank\" rel=\"noopener\">Bahnhof Oschatz Bauamt<\/a><\/li>\n<li><a href=\"https:\/\/pnsteinundrestaurierung.de\/wp-content\/uploads\/2024\/10\/Referenzen_Bastion-VII-Torgau.pdf\" target=\"_blank\" rel=\"noopener\">Bastion VII Torgau<\/a><\/li>\n<li><a href=\"https:\/\/beta.pnsteinundrestaurierung.de\/wp-content\/uploads\/2014\/02\/Centra-Rheingaustrasse-151-153.pdf\" target=\"_blank\" rel=\"noopener\">Centra Rheingaustrasse 151 153 Wiesbaden<\/a><\/li>\n<li><a href=\"https:\/\/beta.pnsteinundrestaurierung.de\/wp-content\/uploads\/2014\/02\/Dr-Pfanner-Basilika-ST-Anna.pdf\" target=\"_blank\" rel=\"noopener\">Dr Pfanner Basilika ST Anna Alt<b>\u00f6<\/b>tting<\/a><\/li>\n<li><a href=\"https:\/\/pnsteinundrestaurierung.de\/wp-content\/uploads\/2024\/10\/Referenzen_Dreikoenigschule-Dresden.pdf\" target=\"_blank\" rel=\"noopener\">Dreik\u00f6nigschule Dresden<\/a><\/li>\n<li><a href=\"https:\/\/pnsteinundrestaurierung.de\/wp-content\/uploads\/2024\/10\/Referenzen_ehem.-Kasernengeb.-Naumburg-Klinker.pdf\" target=\"_blank\" rel=\"noopener\">ehem. Kasernengeb. Naumburg Klinker<\/a><\/li>\n<li><a href=\"https:\/\/pnsteinundrestaurierung.de\/wp-content\/uploads\/2024\/10\/Referenzen_ehem.-Kasernengeb.-Naumburg-Naturstein.pdf\" target=\"_blank\" rel=\"noopener\">ehem. Kasernengeb. Naumburg Naturstein<\/a><\/li>\n<li><a href=\"https:\/\/pnsteinundrestaurierung.de\/wp-content\/uploads\/2024\/10\/Referenzen_Festhalle-Ilmenau.pdf\" target=\"_blank\" rel=\"noopener\">Festhalle Ilmenau<\/a><\/li>\n<li><a href=\"https:\/\/pnsteinundrestaurierung.de\/wp-content\/uploads\/2024\/10\/Referenzen_Gemeinschaftsschule3_Erfurt.pdf\" target=\"_blank\" rel=\"noopener\">Gemeinschaftsschule3 Erfurt<\/a><\/li>\n<li><a href=\"https:\/\/pnsteinundrestaurierung.de\/wp-content\/uploads\/2024\/10\/Referenzen_Geschwister-Scholl-Gymnasium-Zeitz.pdf\" target=\"_blank\" rel=\"noopener\">Geschwister Scholl Gymnasium Zeitz<\/a><\/li>\n<li><a href=\"https:\/\/pnsteinundrestaurierung.de\/wp-content\/uploads\/2024\/10\/Referenzen_Gutshof-Nebra.pdf\" target=\"_blank\" rel=\"noopener\">Gutshof Nebra<\/a><\/li>\n<li><a href=\"https:\/\/pnsteinundrestaurierung.de\/wp-content\/uploads\/2024\/10\/Hauptfeuerwache-Goerdelerring-7-Leipzig.pdf\" target=\"_blank\" rel=\"noopener\">Hauptfeuerwache Goerdelerring 7, Leipzig<\/a><\/li>\n<li><a href=\"https:\/\/beta.pnsteinundrestaurierung.de\/wp-content\/uploads\/2014\/02\/Referenzen-Humboldt-Gymnasium-Leipzig_12.12.2013.pdf\" target=\"_blank\" rel=\"noopener\">Humboldt Gymnasium Leipzig<\/a><\/li>\n<li><a href=\"https:\/\/pnsteinundrestaurierung.de\/wp-content\/uploads\/2024\/10\/Kelbra-Jochstr.-3-Referenzschreiben-PN_23.06.21.pdf\" target=\"_blank\" rel=\"noopener\">Jochsche Brauerei Kelbra, 23\/06\/21<\/a><\/li>\n<li><a href=\"https:\/\/pnsteinundrestaurierung.de\/wp-content\/uploads\/2024\/10\/Referenzen_Jochsche-Brauerei-Kelbra.pdf\" target=\"_blank\" rel=\"noopener\">Jochsche Brauerei Kelbra, 28\/06\/21<\/a><\/li>\n<li><a href=\"https:\/\/pnsteinundrestaurierung.de\/wp-content\/uploads\/2024\/10\/Referenzen_Justizzentrum-Leipzig.pdf\" target=\"_blank\" rel=\"noopener\">Justizzentrum Leipzig<\/a><\/li>\n<li><a href=\"https:\/\/pnsteinundrestaurierung.de\/wp-content\/uploads\/2024\/10\/Referenzen_Kindergarten-Pusteblume.pdf\" target=\"_blank\" rel=\"noopener\">Kindergarten Pusteblume<\/a><\/li>\n<li><a style=\"line-height: 1.5;\" href=\"https:\/\/beta.pnsteinundrestaurierung.de\/wp-content\/uploads\/2014\/02\/referencje-Seeburgstr.-47-Konservarorium-Zwickau_PN-Bau-und-Restaurierung.pdf\" target=\"_blank\" rel=\"noopener\">Konservarorium Zwickau<\/a><\/li>\n<li><a href=\"https:\/\/pnsteinundrestaurierung.de\/wp-content\/uploads\/2024\/10\/Musikschule-Johann-Sebastian-Bach-13-Markneukirchen.pdf\" target=\"_blank\" rel=\"noopener\">Musikschule, Johann-Sebastian-Bach 13, Markneukirchen<\/a><\/li>\n<li><a href=\"https:\/\/pnsteinundrestaurierung.de\/wp-content\/uploads\/2024\/10\/Referenzen_Rathaus-Dessau-Rosslau.pdf\" target=\"_blank\" rel=\"noopener\">Rathaus Dessau Ro\u00dflau<\/a><\/li>\n<li><a href=\"https:\/\/beta.pnsteinundrestaurierung.de\/wp-content\/uploads\/2014\/02\/52b5ff96ec646f2730a33fe8f6c071e1.pdf\" target=\"_blank\" rel=\"noopener\">Bau 33, EnCN N\u00fcrnberg<\/a><\/li>\n<li><a href=\"https:\/\/beta.pnsteinundrestaurierung.de\/wp-content\/uploads\/2014\/02\/Otto-Heil.pdf\" target=\"_blank\" rel=\"noopener\">P\u00f6ppelmannbr\u00fccke Grimma Otto Heil<\/a><\/li>\n<li><a style=\"line-height: 1.5;\" href=\"https:\/\/beta.pnsteinundrestaurierung.de\/wp-content\/uploads\/2014\/02\/referencje-Seeburgstr.-47-Konservarorium-Zwickau_PN-Bau-und-Restaurierung.pdf\" target=\"_blank\" rel=\"noopener\">Seeburgstr. 47<\/a><\/li>\n<li><a href=\"https:\/\/pnsteinundrestaurierung.de\/wp-content\/uploads\/2024\/10\/Referenzen_Schloss-Hartenfels-Torgau.pdf\" target=\"_blank\" rel=\"noopener\">Schloss Hartenfels Torgau<\/a><\/li>\n<li><a href=\"https:\/\/beta.pnsteinundrestaurierung.de\/wp-content\/uploads\/2014\/02\/Stadt-Zorbig.pdf\" target=\"_blank\" rel=\"noopener\">Stadt Z<b>\u00f6<\/b>rbig<\/a><\/li>\n<li><a href=\"https:\/\/pnsteinundrestaurierung.de\/wp-content\/uploads\/2024\/10\/Referenzen_Stadtmauer-Bernburg.pdf\" target=\"_blank\" rel=\"noopener\">Stadtmauer Bernburg<\/a><\/li>\n<li><a href=\"https:\/\/pnsteinundrestaurierung.de\/wp-content\/uploads\/2024\/10\/Werner-Heisenberg-Schule-Leipzig.pdf\" target=\"_blank\" rel=\"noopener\">Werner Heisenberg Schule Leipzig<\/a><\/li>\n<li><a href=\"https:\/\/pnsteinundrestaurierung.de\/wp-content\/uploads\/2024\/10\/Referenzen_Wilhelm_Raabe_Schule_Hannover.pdf\" target=\"_blank\" rel=\"noopener\">Wilhelm Raabe Schule Hannover<\/a><\/li>\n<li><a href=\"https:\/\/pnsteinundrestaurierung.de\/wp-content\/uploads\/2024\/10\/Referenzen_Wilhelm_Raabe_Schule_Hannover_Teil2.pdf\" target=\"_blank\" rel=\"noopener\">Wilhelm Raabe Schule Hannover Teil2<\/a><\/li>\n<\/ul>\n\n\n<p><\/p>\n","protected":false},"excerpt":{"rendered":"<p>Alfa21 ComCenter Halle Saale Bahnhof Oschatz Architekturb\u00fcro Bahnhof Oschatz Bauamt Bastion VII Torgau Centra Rheingaustrasse 151 153 Wiesbaden Dr Pfanner Basilika ST Anna Alt\u00f6tting Dreik\u00f6nigschule Dresden ehem. Kasernengeb. Naumburg Klinker ehem. Kasernengeb. Naumburg Naturstein Festhalle Ilmenau Gemeinschaftsschule3 Erfurt Geschwister Scholl Gymnasium Zeitz Gutshof Nebra Hauptfeuerwache Goerdelerring 7, Leipzig Humboldt Gymnasium Leipzig Jochsche Brauerei Kelbra, 23\/06\/21 Jochsche Brauerei Kelbra, 28\/06\/21 Justizzentrum Leipzig Kindergarten Pusteblume Konservarorium Zwickau Musikschule, Johann-Sebastian-Bach 13, Markneukirchen Rathaus Dessau Ro\u00dflau Bau 33, EnCN N\u00fcrnberg P\u00f6ppelmannbr\u00fccke Grimma Otto Heil Seeburgstr. 47 Schloss Hartenfels Torgau Stadt Z\u00f6rbig Stadtmauer Bernburg Werner Heisenberg Schule Leipzig Wilhelm Raabe Schule Hannover Wilhelm Raabe Schule Hannover Teil2<\/p>\n","protected":false},"author":1,"featured_media":0,"parent":0,"menu_order":5,"comment_status":"closed","ping_status":"closed","template":"","meta":{"ngg_post_thumbnail":0,"footnotes":""},"class_list":["post-21","page","type-page","status-publish","hentry"],"_links":{"self":[{"href":"https:\/\/pnsteinundrestaurierung.de\/index.php?rest_route=\/wp\/v2\/pages\/21","targetHints":{"allow":["GET"]}}],"collection":[{"href":"https:\/\/pnsteinundrestaurierung.de\/index.php?rest_route=\/wp\/v2\/pages"}],"about":[{"href":"https:\/\/pnsteinundrestaurierung.de\/index.php?rest_route=\/wp\/v2\/types\/page"}],"author":[{"embeddable":true,"href":"https:\/\/pnsteinundrestaurierung.de\/index.php?rest_route=\/wp\/v2\/users\/1"}],"replies":[{"embeddable":true,"href":"https:\/\/pnsteinundrestaurierung.de\/index.php?rest_route=%2Fwp%2Fv2%2Fcomments&post=21"}],"version-history":[{"count":24,"href":"https:\/\/pnsteinundrestaurierung.de\/index.php?rest_route=\/wp\/v2\/pages\/21\/revisions"}],"predecessor-version":[{"id":1312,"href":"https:\/\/pnsteinundrestaurierung.de\/index.php?rest_route=\/wp\/v2\/pages\/21\/revisions\/1312"}],"wp:attachment":[{"href":"https:\/\/pnsteinundrestaurierung.de\/index.php?rest_route=%2Fwp%2Fv2%2Fmedia&parent=21"}],"curies":[{"name":"wp","href":"https:\/\/api.w.org\/{rel}","templated":true}]}}